{"id":222,"date":"2025-08-24T10:14:16","date_gmt":"2025-08-24T03:14:16","guid":{"rendered":"https:\/\/samelie.vn\/?page_id=222"},"modified":"2025-08-31T13:39:29","modified_gmt":"2025-08-31T06:39:29","slug":"cham-soc-mong","status":"publish","type":"page","link":"https:\/\/samelie.vn\/en\/cham-soc-mong\/","title":{"rendered":"Nail Extension"},"content":{"rendered":"<div class=\"img has-hover x md-x lg-x y md-y lg-y\" id=\"image_1003231401\">\n\t\t\t\t\t\t\t\t<div class=\"img-inner dark\" >\n\t\t\t<img loading=\"lazy\" decoding=\"async\" width=\"2560\" height=\"1280\" src=\"https:\/\/samelie.vn\/wp-content\/uploads\/2025\/08\/Obvious_250825_2400x1200-4-scaled.png\" class=\"attachment-original size-original\" alt=\"\" srcset=\"https:\/\/samelie.vn\/wp-content\/uploads\/2025\/08\/Obvious_250825_2400x1200-4-scaled.png 2560w, https:\/\/samelie.vn\/wp-content\/uploads\/2025\/08\/Obvious_250825_2400x1200-4-300x150.png 300w, https:\/\/samelie.vn\/wp-content\/uploads\/2025\/08\/Obvious_250825_2400x1200-4-1024x512.png 1024w, https:\/\/samelie.vn\/wp-content\/uploads\/2025\/08\/Obvious_250825_2400x1200-4-768x384.png 768w, https:\/\/samelie.vn\/wp-content\/uploads\/2025\/08\/Obvious_250825_2400x1200-4-1536x768.png 1536w, https:\/\/samelie.vn\/wp-content\/uploads\/2025\/08\/Obvious_250825_2400x1200-4-2048x1024.png 2048w, https:\/\/samelie.vn\/wp-content\/uploads\/2025\/08\/Obvious_250825_2400x1200-4-18x9.png 18w\" sizes=\"auto, (max-width: 2560px) 100vw, 2560px\" \/>\t\t\t\t\t\t\n\t\t\t\t\t<\/div>\n\t\t\t\t\t\t\t\t\n<style>\n#image_1003231401 {\n  width: 100%;\n}\n<\/style>\n\t<\/div>\n\t\n<h2><b>Nail Extension<\/b><\/h2>\n<p><span style=\"font-weight: 400;\">Your hands are the perfect canvas for expressing your unique style. Our Nail Extension service at Sam\u00e9lie is designed to offer you more than just beautiful nails \u2013 it\u2019s about creating a statement that reflects your personality and lifestyle. Using the latest in nail extension technology, we offer designs ranging from elegant and subtle to bold and creative, perfectly tailored to fit your personal taste and style<\/span><\/p>\n<p><span style=\"font-weight: 400;\">With premium materials and expert craftsmanship, each set of nails is a work of art that enhances your natural beauty. Whether you prefer soft, timeless shades or striking, trend-setting designs, our service ensures that your nails are not only beautiful but also long-lasting. Come to Sam\u00e9lie and experience a world of high-quality, personalized nail artistry that brings out the best in you!<\/span><\/p>\n<p><b>Service &amp; Price:<\/b><\/p>\n<ul>\n<li style=\"font-weight: 400;\" aria-level=\"1\"><b>Press-on nails<\/b><span style=\"font-weight: 400;\">: 200.000 VN\u0110<\/span><\/li>\n<li style=\"font-weight: 400;\" aria-level=\"1\"><b>Press-on nails<\/b><span style=\"font-weight: 400;\">: 200.000 VN\u0110<\/span><\/li>\n<li style=\"font-weight: 400;\" aria-level=\"1\"><b>Dual form<\/b><span style=\"font-weight: 400;\">: 60.000 VN\u0110<\/span><\/li>\n<li style=\"font-weight: 400;\" aria-level=\"1\"><b>Gel overlay<\/b><span style=\"font-weight: 400;\">: 120.000 VN\u0110<\/span><\/li>\n<li style=\"font-weight: 400;\" aria-level=\"1\"><b>Acrylic overlay<\/b><span style=\"font-weight: 400;\">: 200.000 VN\u0110<\/span><\/li>\n<li style=\"font-weight: 400;\" aria-level=\"1\"><b>Gel refill<\/b><span style=\"font-weight: 400;\">: 40.000 VN\u0110<\/span><\/li>\n<li style=\"font-weight: 400;\" aria-level=\"1\"><b>Acrylic refill<\/b><span style=\"font-weight: 400;\">: 350.000 VN\u0110<\/span><\/li>\n<li style=\"font-weight: 400;\" aria-level=\"1\"><b>Hard polish<\/b><span style=\"font-weight: 400;\">: 380.000 \u2013 550.000 VN\u0110<\/span><\/li>\n<li style=\"font-weight: 400;\" aria-level=\"1\"><b>Nail arch design<\/b><span style=\"font-weight: 400;\">: 380.000 \u2013 600.000 VN\u0110<\/span><\/li>\n<li style=\"font-weight: 400;\" aria-level=\"1\"><b>Gel polish<\/b><span style=\"font-weight: 400;\">: 280.000 \u2013 400.000 VN\u0110<\/span><\/li>\n<li style=\"font-weight: 400;\" aria-level=\"1\"><b>Extra for 3-color mix<\/b><span style=\"font-weight: 400;\">: 30.000 VN\u0110\/ng\u00f3n \u2013 200.000 VN\u0110<\/span><\/li>\n<li style=\"font-weight: 400;\" aria-level=\"1\"><b>French tips (hands)<\/b><span style=\"font-weight: 400;\">: 30.000 VN\u0110\/ng\u00f3n \u2013 230.000 VN\u0110<\/span><\/li>\n<li style=\"font-weight: 400;\" aria-level=\"1\"><b>French tips (feet)<\/b><span style=\"font-weight: 400;\">: 25.000 VN\u0110\/ng\u00f3n \u2013 180.000 VN\u0110<\/span><\/li>\n<li style=\"font-weight: 400;\" aria-level=\"1\"><b>Ombre<\/b><span style=\"font-weight: 400;\">: 2.000 \u2013 10.000 VN\u0110<\/span><\/li>\n<li style=\"font-weight: 400;\" aria-level=\"1\"><b>Cat eye<\/b><span style=\"font-weight: 400;\">: 10.000 \u2013 100.000 VN\u0110<\/span><\/li>\n<li style=\"font-weight: 400;\" aria-level=\"1\"><b>Chrome<\/b><span style=\"font-weight: 400;\">: 10.000 \u2013 20.000 VN\u0110<\/span><\/li>\n<li style=\"font-weight: 400;\" aria-level=\"1\"><b>Crystal design<\/b><span style=\"font-weight: 400;\">: 40.000 \u2013 100.000 VN\u0110<\/span><\/li>\n<li style=\"font-weight: 400;\" aria-level=\"1\"><b>Stone block design<\/b><span style=\"font-weight: 400;\">: 25.000 VN\u0110\/ng\u00f3n \u2013 180.000 VN\u0110<\/span><\/li>\n<li style=\"font-weight: 400;\" aria-level=\"1\"><b>Sticker \/ glitter<\/b><span style=\"font-weight: 400;\">: 25.000 VN\u0110\/ng\u00f3n \u2013 350.000 VN\u0110<\/span><\/li>\n<li style=\"font-weight: 400;\" aria-level=\"1\"><b>3D \/ 4D art<\/b><span style=\"font-weight: 400;\">: 280.000 \u2013 400.000 VN\u0110<\/span><\/li>\n<li style=\"font-weight: 400;\" aria-level=\"1\"><b>Remove gel polish<\/b><span style=\"font-weight: 400;\">: 50.000 VN\u0110<\/span><\/li>\n<li style=\"font-weight: 400;\" aria-level=\"1\"><b>Remove acrylic \/ BIAB \/ gel<\/b><span style=\"font-weight: 400;\">: 150.000 VN\u0110<\/span><\/li>\n<li style=\"font-weight: 400;\" aria-level=\"1\"><b>Regular polish<\/b><span style=\"font-weight: 400;\">: 20.000 VN\u0110<\/span><\/li>\n<li style=\"font-weight: 400;\" aria-level=\"1\"><b>Cuticle care &amp; cleaning<\/b><span style=\"font-weight: 400;\">: 60.000 VN\u0110<\/span><\/li>\n<\/ul>\n<a href=\"https:\/\/samelie.vn\/en\/booking\/\" class=\"button primary is-outline\"  style=\"border-radius:10px;\">\n    <span>BOOKING NOW<\/span>\n  <\/a>","protected":false},"excerpt":{"rendered":"<p>Ch\u0103m s\u00f3c m\u00f3ng \u0110\u00f4i tay l\u00e0 &#8220;ng\u01b0\u1eddi b\u1ea1n \u0111\u1ed3ng h\u00e0nh&#8221; tuy\u1ec7t v\u1eddi th\u1ec3 hi\u1ec7n phong c\u00e1ch c\u00e1 nh\u00e2n. D\u1ecbch v\u1ee5 Nail Extension t\u1ea1i Sam\u00e9lie kh\u00f4ng ch\u1ec9 gi\u00fap b\u1ea1n s\u1edf h\u1eefu nh\u1eefng b\u1ed9 m\u00f3ng \u0111\u1eb9p, sang tr\u1ecdng v\u00e0 b\u1ec1n v\u1eefng, m\u00e0 c\u00f2n l\u00e0 c\u00e1ch \u0111\u1ec3 b\u1ea1n t\u1ef1 tin th\u1ec3 hi\u1ec7n gu th\u1ea9m m\u1ef9 ri\u00eang. Ch\u00fang t\u00f4i [&#8230;]","protected":false},"author":1,"featured_media":0,"parent":0,"menu_order":0,"comment_status":"closed","ping_status":"closed","template":"","meta":{"footnotes":""},"class_list":["post-222","page","type-page","status-publish","hentry"],"_links":{"self":[{"href":"https:\/\/samelie.vn\/en\/wp-json\/wp\/v2\/pages\/222","targetHints":{"allow":["GET"]}}],"collection":[{"href":"https:\/\/samelie.vn\/en\/wp-json\/wp\/v2\/pages"}],"about":[{"href":"https:\/\/samelie.vn\/en\/wp-json\/wp\/v2\/types\/page"}],"author":[{"embeddable":true,"href":"https:\/\/samelie.vn\/en\/wp-json\/wp\/v2\/users\/1"}],"replies":[{"embeddable":true,"href":"https:\/\/samelie.vn\/en\/wp-json\/wp\/v2\/comments?post=222"}],"version-history":[{"count":5,"href":"https:\/\/samelie.vn\/en\/wp-json\/wp\/v2\/pages\/222\/revisions"}],"predecessor-version":[{"id":428,"href":"https:\/\/samelie.vn\/en\/wp-json\/wp\/v2\/pages\/222\/revisions\/428"}],"wp:attachment":[{"href":"https:\/\/samelie.vn\/en\/wp-json\/wp\/v2\/media?parent=222"}],"curies":[{"name":"wp","href":"https:\/\/api.w.org\/{rel}","templated":true}]}}