{"id":224,"date":"2025-08-24T10:14:23","date_gmt":"2025-08-24T03:14:23","guid":{"rendered":"https:\/\/samelie.vn\/?page_id=224"},"modified":"2025-08-31T13:39:57","modified_gmt":"2025-08-31T06:39:57","slug":"noi-mi","status":"publish","type":"page","link":"https:\/\/samelie.vn\/en\/noi-mi\/","title":{"rendered":"Lash Extensions"},"content":{"rendered":"<div class=\"img has-hover x md-x lg-x y md-y lg-y\" id=\"image_1253365784\">\n\t\t\t\t\t\t\t\t<div class=\"img-inner dark\" >\n\t\t\t<img loading=\"lazy\" decoding=\"async\" width=\"2560\" height=\"1280\" src=\"https:\/\/samelie.vn\/wp-content\/uploads\/2025\/08\/Obvious_250825_2400x1200-6-scaled.png\" class=\"attachment-original size-original\" alt=\"\" srcset=\"https:\/\/samelie.vn\/wp-content\/uploads\/2025\/08\/Obvious_250825_2400x1200-6-scaled.png 2560w, https:\/\/samelie.vn\/wp-content\/uploads\/2025\/08\/Obvious_250825_2400x1200-6-300x150.png 300w, https:\/\/samelie.vn\/wp-content\/uploads\/2025\/08\/Obvious_250825_2400x1200-6-1024x512.png 1024w, https:\/\/samelie.vn\/wp-content\/uploads\/2025\/08\/Obvious_250825_2400x1200-6-768x384.png 768w, https:\/\/samelie.vn\/wp-content\/uploads\/2025\/08\/Obvious_250825_2400x1200-6-1536x768.png 1536w, https:\/\/samelie.vn\/wp-content\/uploads\/2025\/08\/Obvious_250825_2400x1200-6-2048x1024.png 2048w, https:\/\/samelie.vn\/wp-content\/uploads\/2025\/08\/Obvious_250825_2400x1200-6-18x9.png 18w\" sizes=\"auto, (max-width: 2560px) 100vw, 2560px\" \/>\t\t\t\t\t\t\n\t\t\t\t\t<\/div>\n\t\t\t\t\t\t\t\t\n<style>\n#image_1253365784 {\n  width: 100%;\n}\n<\/style>\n\t<\/div>\n\t\n<h2><b>Lash Extensions<\/b><\/h2>\n<p class=\"translation-block\">Your eyes are the ultimate reflection of your beauty, and lash extensions at Sam\u00e9lie bring a whole new level of allure to your gaze. Whether you choose soft, natural lashes or bold, dramatic volume, our lash service ensures you wake up with effortlessly captivating eyes. Crafted by our expert artists, each set of lashes is designed to be as comfortable as they are stunning, enhancing your beauty without the need for heavy makeup. Let your lashes speak volumes and complement your lifestyle, turning every blink into a moment of charm and confidence.<\/p>\n<p><b>Service &amp; Price:<\/b><\/p>\n<ul>\n<li style=\"font-weight: 400;\" aria-level=\"1\"><b>Classic Lash<\/b><span style=\"font-weight: 400;\">: 280.000 VN\u0110<\/span><\/li>\n<li style=\"font-weight: 400;\" aria-level=\"1\"><b>Design Lash<\/b><span style=\"font-weight: 400;\">: 350.000 VN\u0110<\/span><\/li>\n<li style=\"font-weight: 400;\" aria-level=\"1\"><b>Rabbit Hair Lash<\/b><span style=\"font-weight: 400;\">: 250.000 VN\u0110<\/span><\/li>\n<li style=\"font-weight: 400;\" aria-level=\"1\"><b>Lower Lash<\/b><span style=\"font-weight: 400;\">: 400.000 VN\u0110<\/span><\/li>\n<li style=\"font-weight: 400;\" aria-level=\"1\"><b>Collagen Lash Lift (with black coating)<\/b><span style=\"font-weight: 400;\">: 450.000 VN\u0110<\/span><\/li>\n<li style=\"font-weight: 400;\" aria-level=\"1\"><b>Cluster Lashes \u2013 Medium Volume<\/b><span style=\"font-weight: 400;\">: 60.000 \u2013 80.000 VN\u0110<\/span><\/li>\n<li style=\"font-weight: 400;\" aria-level=\"1\"><b>Baby Lash<\/b><span style=\"font-weight: 400;\">: 30.000 VN\u0110<\/span><\/li>\n<li style=\"font-weight: 400;\" aria-level=\"1\"><b>Sole \/ Korean \/ Thai Lash<\/b><span style=\"font-weight: 400;\">: 60.000 VN\u0110<\/span><\/li>\n<li style=\"font-weight: 400;\" aria-level=\"1\"><b>Ulzzang Wet Look Lash<\/b><span style=\"font-weight: 400;\">: 500.000 VN\u0110<\/span><\/li>\n<li style=\"font-weight: 400;\" aria-level=\"1\"><b>Anime Lash<\/b><span style=\"font-weight: 400;\">: 250.000 \u2013 300.000 VN\u0110<\/span><\/li>\n<li style=\"font-weight: 400;\" aria-level=\"1\"><b>Rabbit Hair Anime Lash<\/b><span style=\"font-weight: 400;\">: 320.000 \u2013 400.000 VN\u0110<\/span><\/li>\n<li style=\"font-weight: 400;\" aria-level=\"1\"><b>Other Lash Design<\/b><span style=\"font-weight: 400;\">: 380.000 \u2013 420.000 VN\u0110<\/span><\/li>\n<li style=\"font-weight: 400;\" aria-level=\"1\"><b>Use Rabbit Hair Lash<\/b><span style=\"font-weight: 400;\">: 380.000 \u2013 500.000 VN\u0110<\/span><\/li>\n<li style=\"font-weight: 400;\" aria-level=\"1\"><b>Colored Lash<\/b><span style=\"font-weight: 400;\">: 40.000 \u2013 60.000 VN\u0110<\/span><\/li>\n<li style=\"font-weight: 400;\" aria-level=\"1\"><b>Lash Removal<\/b><span style=\"font-weight: 400;\">: 100.000 \u2013 150.000 VN\u0110<\/span><\/li>\n<li style=\"font-weight: 400;\" aria-level=\"1\"><b>Lash Refill<\/b><span style=\"font-weight: 400;\">: 50% of new set price<\/span><\/li>\n<\/ul>\n<a href=\"https:\/\/samelie.vn\/en\/booking\/\" class=\"button primary is-outline\"  style=\"border-radius:10px;\">\n    <span>BOOKING NOW<\/span>\n  <\/a>","protected":false},"excerpt":{"rendered":"<p>N\u1ed1i Mi \u0110\u00f4i m\u1eaft l\u00e0 \u0111i\u1ec3m nh\u1ea5n c\u1ee7a v\u1ebb \u0111\u1eb9p t\u1ef1 nhi\u00ean, v\u00e0 n\u1ed1i mi t\u1ea1i Sam\u00e9lie l\u00e0 b\u00ed quy\u1ebft gi\u00fap b\u1ea1n s\u1edf h\u1eefu \u00e1nh nh\u00ecn cu\u1ed1n h\u00fat, \u0111\u1ea7y m\u00ea ho\u1eb7c m\u1ed7i ng\u00e0y. D\u1ecbch v\u1ee5 n\u1ed1i mi c\u1ee7a ch\u00fang t\u00f4i mang \u0111\u1ebfn cho b\u1ea1n \u0111\u00f4i mi d\u00e0i cong t\u1ef1 nhi\u00ean, t\u1eeb nh\u1eefng ki\u1ec3u mi nh\u1eb9 [&#8230;]","protected":false},"author":1,"featured_media":0,"parent":0,"menu_order":0,"comment_status":"closed","ping_status":"closed","template":"","meta":{"footnotes":""},"class_list":["post-224","page","type-page","status-publish","hentry"],"_links":{"self":[{"href":"https:\/\/samelie.vn\/en\/wp-json\/wp\/v2\/pages\/224","targetHints":{"allow":["GET"]}}],"collection":[{"href":"https:\/\/samelie.vn\/en\/wp-json\/wp\/v2\/pages"}],"about":[{"href":"https:\/\/samelie.vn\/en\/wp-json\/wp\/v2\/types\/page"}],"author":[{"embeddable":true,"href":"https:\/\/samelie.vn\/en\/wp-json\/wp\/v2\/users\/1"}],"replies":[{"embeddable":true,"href":"https:\/\/samelie.vn\/en\/wp-json\/wp\/v2\/comments?post=224"}],"version-history":[{"count":4,"href":"https:\/\/samelie.vn\/en\/wp-json\/wp\/v2\/pages\/224\/revisions"}],"predecessor-version":[{"id":429,"href":"https:\/\/samelie.vn\/en\/wp-json\/wp\/v2\/pages\/224\/revisions\/429"}],"wp:attachment":[{"href":"https:\/\/samelie.vn\/en\/wp-json\/wp\/v2\/media?parent=224"}],"curies":[{"name":"wp","href":"https:\/\/api.w.org\/{rel}","templated":true}]}}