{"id":226,"date":"2025-08-24T10:14:37","date_gmt":"2025-08-24T03:14:37","guid":{"rendered":"https:\/\/samelie.vn\/?page_id=226"},"modified":"2025-08-31T13:40:15","modified_gmt":"2025-08-31T06:40:15","slug":"massage-care","status":"publish","type":"page","link":"https:\/\/samelie.vn\/en\/massage-care\/","title":{"rendered":"Massage &#038; Care"},"content":{"rendered":"<div class=\"img has-hover x md-x lg-x y md-y lg-y\" id=\"image_224650279\">\n\t\t\t\t\t\t\t\t<div class=\"img-inner dark\" >\n\t\t\t<img loading=\"lazy\" decoding=\"async\" width=\"2560\" height=\"1280\" src=\"https:\/\/samelie.vn\/wp-content\/uploads\/2025\/08\/Obvious_250825_2400x1200-7-scaled.png\" class=\"attachment-original size-original\" alt=\"\" srcset=\"https:\/\/samelie.vn\/wp-content\/uploads\/2025\/08\/Obvious_250825_2400x1200-7-scaled.png 2560w, https:\/\/samelie.vn\/wp-content\/uploads\/2025\/08\/Obvious_250825_2400x1200-7-300x150.png 300w, https:\/\/samelie.vn\/wp-content\/uploads\/2025\/08\/Obvious_250825_2400x1200-7-1024x512.png 1024w, https:\/\/samelie.vn\/wp-content\/uploads\/2025\/08\/Obvious_250825_2400x1200-7-768x384.png 768w, https:\/\/samelie.vn\/wp-content\/uploads\/2025\/08\/Obvious_250825_2400x1200-7-1536x768.png 1536w, https:\/\/samelie.vn\/wp-content\/uploads\/2025\/08\/Obvious_250825_2400x1200-7-2048x1024.png 2048w, https:\/\/samelie.vn\/wp-content\/uploads\/2025\/08\/Obvious_250825_2400x1200-7-18x9.png 18w\" sizes=\"auto, (max-width: 2560px) 100vw, 2560px\" \/>\t\t\t\t\t\t\n\t\t\t\t\t<\/div>\n\t\t\t\t\t\t\t\t\n<style>\n#image_224650279 {\n  width: 100%;\n}\n<\/style>\n\t<\/div>\n\t\n<h2><b>Massage &amp; Care \u2013 Holistic Relaxation<\/b><\/h2>\n<p class=\"translation-block\">Indulge your body and mind in complete relaxation at Sam\u00e9lie, where every detail is crafted to help you release stress and find balance. Our Massage &amp; Care services offer you a peaceful retreat where you can unwind after long, tiring days and restore harmony in your life. From hand, foot, neck, and shoulder treatments to deep body massages, every session is designed to provide you with ultimate relaxation.<\/p>\n<p><span style=\"font-weight: 400;\">We blend natural essential oils with expert massage techniques to soothe the body, improve blood circulation, and restore energy, giving you complete rejuvenation both physically and mentally. Allow us to help you rediscover your vitality, so you can carry on with your busy life full of energy and inspiration. This isn\u2019t just a treatment, it\u2019s a holistic journey that nurtures you in the best way possible. <\/span><b>tinh d\u1ea7u thi\u00ean nhi\u00ean<\/b><span style=\"font-weight: 400;\"> c\u00f9ng nh\u1eefng k\u1ef9 thu\u1eadt massage chuy\u00ean nghi\u1ec7p, gi\u00fap l\u00e0m d\u1ecbu c\u01a1 th\u1ec3, k\u00edch th\u00edch tu\u1ea7n ho\u00e0n m\u00e1u, v\u00e0 ph\u1ee5c h\u1ed3i n\u0103ng l\u01b0\u1ee3ng, mang l\u1ea1i s\u1ef1 s\u1ea3ng kho\u00e1i kh\u00f4ng ch\u1ec9 v\u1ec1 th\u1ec3 ch\u1ea5t m\u00e0 c\u00f2n v\u1ec1 tinh th\u1ea7n. H\u00e3y \u0111\u1ec3 ch\u00fang t\u00f4i gi\u00fap b\u1ea1n t\u00ecm l\u1ea1i s\u1ef1 t\u01b0\u01a1i m\u1edbi, \u0111\u1ea7y s\u1ee9c s\u1ed1ng, \u0111\u1ec3 b\u1ea1n c\u00f3 th\u1ec3 ti\u1ebfp t\u1ee5c cu\u1ed9c s\u1ed1ng b\u1eadn r\u1ed9n c\u1ee7a m\u00ecnh v\u1edbi \u0111\u1ea7y \u0111\u1ee7 n\u0103ng l\u01b0\u1ee3ng v\u00e0 c\u1ea3m h\u1ee9ng. \u0110\u00e2y kh\u00f4ng ch\u1ec9 l\u00e0 m\u1ed9t li\u1ec7u tr\u00ecnh th\u01b0 gi\u00e3n m\u00e0 l\u00e0 m\u1ed9t h\u00e0nh tr\u00ecnh ch\u0103m s\u00f3c to\u00e0n di\u1ec7n, gi\u00fap b\u1ea1n n\u00e2ng niu b\u1ea3n th\u00e2n theo c\u00e1ch tuy\u1ec7t v\u1eddi nh\u1ea5t.<\/span><\/p>\n<p><b>Service &amp; Price:<\/b><\/p>\n<p><b>FOOT CARE COMBO \u2013 288.000 VN\u0110<\/b><\/p>\n<ul>\n<li style=\"font-weight: 400;\" aria-level=\"1\"><b>Heel scrubbing<\/b><span style=\"font-weight: 400;\">: Care for your heels, removing dead skin and softening the skin<\/span><\/li>\n<li style=\"font-weight: 400;\" aria-level=\"1\"><b>Foot soakin<\/b><span style=\"font-weight: 400;\">: Relaxing your body and mind with warm water<\/span><\/li>\n<li style=\"font-weight: 400;\" aria-level=\"1\"><b>Exfoliation<\/b><span style=\"font-weight: 400;\">: Cleansing and exfoliating the feet for soft, smooth skin<\/span><\/li>\n<li style=\"font-weight: 400;\" aria-level=\"1\"><b>Brightening foot mask<\/b><span style=\"font-weight: 400;\">: Enhancing the skin, making your feet soft and bright<\/span><\/li>\n<li style=\"font-weight: 400;\" aria-level=\"1\"><b>2\u20135 min massage<\/b><span style=\"font-weight: 400;\">: Relaxing your feet, stimulating blood circulation<\/span><\/li>\n<\/ul>\n<p><b>HAND CARE COMBO \u2013 188.000 VN\u0110<\/b><\/p>\n<ul>\n<li style=\"font-weight: 400;\" aria-level=\"1\"><b>Exfoliation<\/b><span style=\"font-weight: 400;\">: Cleansing and renewing the skin of your hands<\/span><\/li>\n<li style=\"font-weight: 400;\" aria-level=\"1\"><b>Cuticle care &amp; cleaning<\/b><span style=\"font-weight: 400;\">: Caring for your cuticles, cleaning around the nails<\/span><\/li>\n<li style=\"font-weight: 400;\" aria-level=\"1\"><b>Brightening hand mask<\/b><span style=\"font-weight: 400;\">: Nourishing and brightening hand skin<\/span><\/li>\n<li style=\"font-weight: 400;\" aria-level=\"1\"><b>Nail recovery &amp; growth treatment<\/b><span style=\"font-weight: 400;\">: Strengthening and promoting nail growth with<\/span><\/li>\n<\/ul>\n<p><b>FOOT MASSAGE<\/b><\/p>\n<ul>\n<li style=\"font-weight: 400;\" aria-level=\"1\"><b>30 min<\/b><span style=\"font-weight: 400;\">: 200.000 VN\u0110<\/span><\/li>\n<li style=\"font-weight: 400;\" aria-level=\"1\"><b>60 min<\/b><span style=\"font-weight: 400;\">: 350.000 VN\u0110<\/span><\/li>\n<\/ul>\n<p><b>SHOULDER-NECK MASSAGE<\/b><\/p>\n<ul>\n<li style=\"font-weight: 400;\" aria-level=\"1\"><b>30 min<\/b><span style=\"font-weight: 400;\">: 280.000 VN\u0110<\/span><\/li>\n<li style=\"font-weight: 400;\" aria-level=\"1\"><b>60 min<\/b><span style=\"font-weight: 400;\">: 400.000 VN\u0110<\/span><\/li>\n<li style=\"font-weight: 400;\" aria-level=\"1\"><b>75 min<\/b><span style=\"font-weight: 400;\">: 580.000 VN\u0110<\/span><\/li>\n<\/ul>\n<p><b>BODY MASSAGE<\/b><\/p>\n<ul>\n<li style=\"font-weight: 400;\" aria-level=\"1\"><b>60 min<\/b><span style=\"font-weight: 400;\">: 480.000 VN\u0110<\/span><\/li>\n<li style=\"font-weight: 400;\" aria-level=\"1\"><b>75 min<\/b><span style=\"font-weight: 400;\">: 520.000 VN\u0110<\/span><\/li>\n<li style=\"font-weight: 400;\" aria-level=\"1\"><b>90 min<\/b><span style=\"font-weight: 400;\">: 800.000 VN\u0110<\/span><\/li>\n<\/ul>\n<a href=\"https:\/\/samelie.vn\/en\/booking\/\" class=\"button primary is-outline\"  >\n    <span>BOOKING NOW<\/span>\n  <\/a>","protected":false},"excerpt":{"rendered":"<p>Massage &amp; Care \u2013 Th\u01b0 Gi\u00e3n To\u00e0n Di\u1ec7n H\u00e3y \u0111\u1ec3 c\u01a1 th\u1ec3 v\u00e0 t\u00e2m tr\u00ed b\u1ea1n \u0111\u01b0\u1ee3c th\u01b0 gi\u00e3n ho\u00e0n to\u00e0n trong kh\u00f4ng gian y\u00ean t\u0129nh, nh\u1eb9 nh\u00e0ng c\u1ee7a Sam\u00e9lie. D\u1ecbch v\u1ee5 Massage &amp; Care c\u1ee7a ch\u00fang t\u00f4i l\u00e0 n\u01a1i b\u1ea1n c\u00f3 th\u1ec3 ho\u00e0n to\u00e0n bu\u00f4ng b\u1ecf nh\u1eefng c\u0103ng th\u1eb3ng, m\u1ec7t m\u1ecfi sau nh\u1eefng ng\u00e0y [&#8230;]","protected":false},"author":1,"featured_media":0,"parent":0,"menu_order":0,"comment_status":"closed","ping_status":"closed","template":"","meta":{"footnotes":""},"class_list":["post-226","page","type-page","status-publish","hentry"],"_links":{"self":[{"href":"https:\/\/samelie.vn\/en\/wp-json\/wp\/v2\/pages\/226","targetHints":{"allow":["GET"]}}],"collection":[{"href":"https:\/\/samelie.vn\/en\/wp-json\/wp\/v2\/pages"}],"about":[{"href":"https:\/\/samelie.vn\/en\/wp-json\/wp\/v2\/types\/page"}],"author":[{"embeddable":true,"href":"https:\/\/samelie.vn\/en\/wp-json\/wp\/v2\/users\/1"}],"replies":[{"embeddable":true,"href":"https:\/\/samelie.vn\/en\/wp-json\/wp\/v2\/comments?post=226"}],"version-history":[{"count":6,"href":"https:\/\/samelie.vn\/en\/wp-json\/wp\/v2\/pages\/226\/revisions"}],"predecessor-version":[{"id":430,"href":"https:\/\/samelie.vn\/en\/wp-json\/wp\/v2\/pages\/226\/revisions\/430"}],"wp:attachment":[{"href":"https:\/\/samelie.vn\/en\/wp-json\/wp\/v2\/media?parent=226"}],"curies":[{"name":"wp","href":"https:\/\/api.w.org\/{rel}","templated":true}]}}