{"id":367,"date":"2025-08-24T12:33:17","date_gmt":"2025-08-24T05:33:17","guid":{"rendered":"https:\/\/samelie.vn\/?page_id=367"},"modified":"2025-08-24T12:33:17","modified_gmt":"2025-08-24T05:33:17","slug":"tai-khoan-2","status":"publish","type":"page","link":"https:\/\/samelie.vn\/en\/tai-khoan-2\/","title":{"rendered":"Account"},"content":{"rendered":"<p>Ch\u1ee9c n\u0103ng \u0111ang \u0111\u01b0\u1ee3c x\u00e2y d\u1ef1ng<\/p>","protected":false},"excerpt":{"rendered":"<p>Ch\u1ee9c n\u0103ng \u0111ang \u0111\u01b0\u1ee3c x\u00e2y d\u1ef1ng<\/p>","protected":false},"author":1,"featured_media":0,"parent":0,"menu_order":0,"comment_status":"closed","ping_status":"closed","template":"","meta":{"footnotes":""},"class_list":["post-367","page","type-page","status-publish","hentry"],"_links":{"self":[{"href":"https:\/\/samelie.vn\/en\/wp-json\/wp\/v2\/pages\/367","targetHints":{"allow":["GET"]}}],"collection":[{"href":"https:\/\/samelie.vn\/en\/wp-json\/wp\/v2\/pages"}],"about":[{"href":"https:\/\/samelie.vn\/en\/wp-json\/wp\/v2\/types\/page"}],"author":[{"embeddable":true,"href":"https:\/\/samelie.vn\/en\/wp-json\/wp\/v2\/users\/1"}],"replies":[{"embeddable":true,"href":"https:\/\/samelie.vn\/en\/wp-json\/wp\/v2\/comments?post=367"}],"version-history":[{"count":2,"href":"https:\/\/samelie.vn\/en\/wp-json\/wp\/v2\/pages\/367\/revisions"}],"predecessor-version":[{"id":369,"href":"https:\/\/samelie.vn\/en\/wp-json\/wp\/v2\/pages\/367\/revisions\/369"}],"wp:attachment":[{"href":"https:\/\/samelie.vn\/en\/wp-json\/wp\/v2\/media?parent=367"}],"curies":[{"name":"wp","href":"https:\/\/api.w.org\/{rel}","templated":true}]}}