{"id":220,"date":"2025-08-24T10:14:00","date_gmt":"2025-08-24T03:14:00","guid":{"rendered":"https:\/\/samelie.vn\/?page_id=220"},"modified":"2025-08-31T13:38:56","modified_gmt":"2025-08-31T06:38:56","slug":"goi-dau-duong-sinh","status":"publish","type":"page","link":"https:\/\/samelie.vn\/vi\/goi-dau-duong-sinh\/","title":{"rendered":"G\u1ed9i \u0111\u1ea7u d\u01b0\u1ee1ng sinh"},"content":{"rendered":"\n  <div class=\"banner has-hover\" id=\"banner-117829449\">\n          <div class=\"banner-inner fill\">\n        <div class=\"banner-bg fill\" >\n            <div class=\"bg fill bg-fill \"><\/div>\n                                    \n                    <\/div>\n\t\t\n        <div class=\"banner-layers container\">\n            <div class=\"fill banner-link\"><\/div>               <div id=\"text-box-2087756514\" class=\"text-box banner-layer x50 md-x50 lg-x50 y50 md-y50 lg-y50 res-text\">\n                     <div data-animate=\"fadeIn\">           <div class=\"text-box-content text dark\">\n              \n              <div class=\"text-inner text-center\">\n                  \n              <\/div>\n           <\/div>\n       <\/div>                     \n<style>\n#text-box-2087756514 {\n  width: 60%;\n}\n#text-box-2087756514 .text-box-content {\n  font-size: 100%;\n}\n@media (min-width:550px) {\n  #text-box-2087756514 {\n    width: 60%;\n  }\n}\n<\/style>\n    <\/div>\n         <\/div>\n      <\/div>\n\n            \n<style>\n#banner-117829449 {\n  padding-top: 500px;\n}\n#banner-117829449 .bg.bg-loaded {\n  background-image: url(https:\/\/samelie.vn\/wp-content\/uploads\/2025\/08\/Obvious_250825_2400x1200-5-scaled.png);\n}\n<\/style>\n  <\/div>\n\n\n<h2><b>G\u1ed9i \u0110\u1ea7u D\u01b0\u1ee1ng Sinh<\/b><\/h2>\n<p><span style=\"font-weight: 400;\">Li\u1ec7u tr\u00ecnh G\u1ed9i \u0110\u1ea7u D\u01b0\u1ee1ng Sinh t\u1ea1i Sam\u00e9lie l\u00e0 m\u1ed9t tr\u1ea3i nghi\u1ec7m th\u01b0 gi\u00e3n to\u00e0n di\u1ec7n. M\u1ed7i b\u01b0\u1edbc trong li\u1ec7u tr\u00ecnh \u0111\u1ec1u \u0111\u01b0\u1ee3c thi\u1ebft k\u1ebf t\u1ec9 m\u1ec9 \u0111\u1ec3 mang \u0111\u1ebfn cho b\u1ea1n c\u1ea3m gi\u00e1c th\u01b0 th\u00e1i v\u00e0 d\u1ec5 ch\u1ecbu t\u1eeb \u0111\u1ea7u \u0111\u1ebfn ch\u00e2n. B\u1eaft \u0111\u1ea7u v\u1edbi m\u1ed9t massage da \u0111\u1ea7u nh\u1eb9 nh\u00e0ng, gi\u00fap th\u01b0 gi\u00e3n c\u00e1c c\u01a1 v\u00e0 k\u00edch th\u00edch tu\u1ea7n ho\u00e0n m\u00e1u, ti\u1ebfp theo l\u00e0 r\u1eeda m\u1eb7t \u0111\u1ec3 b\u1ea1n c\u1ea3m th\u1ea5y s\u1ea1ch s\u1ebd v\u00e0 th\u01b0 gi\u00e3n ngay l\u1eadp t\u1ee9c. Sau \u0111\u00f3, ch\u00fang t\u00f4i s\u1ebd ti\u1ebfn h\u00e0nh g\u1ed9i s\u1ea1ch s\u00e2u v\u00e0 x\u1ea3 t\u00f3c b\u1eb1ng c\u00e1c s\u1ea3n ph\u1ea9m chuy\u00ean d\u1ee5ng, gi\u00fap lo\u1ea1i b\u1ecf b\u1ee5i b\u1ea9n v\u00e0 d\u1ea7u th\u1eeba, mang l\u1ea1i cho b\u1ea1n m\u00e1i t\u00f3c kh\u1ecfe m\u1ea1nh v\u00e0 b\u1ed3ng b\u1ec1nh. K\u1ebft th\u00fac li\u1ec7u tr\u00ecnh, b\u1ea1n s\u1ebd \u0111\u01b0\u1ee3c s\u1ea5y t\u00f3c nh\u1eb9 nh\u00e0ng c\u00f9ng v\u1edbi x\u1ecbt d\u01b0\u1ee1ng t\u00f3c \u0111\u1ec3 m\u00e1i t\u00f3c tr\u1edf n\u00ean m\u1ec1m m\u01b0\u1ee3t v\u00e0 b\u00f3ng kh\u1ecfe.<\/span><\/p>\n<p><span style=\"font-weight: 400;\">Li\u1ec7u tr\u00ecnh n\u00e0y gi\u00fap l\u00e0m s\u1ea1ch t\u00f3c v\u00e0 gi\u1ea3i t\u1ecfa c\u0103ng th\u1eb3ng, mang l\u1ea1i c\u1ea3m gi\u00e1c th\u01b0 gi\u00e3n tuy\u1ec7t v\u1eddi cho c\u01a1 th\u1ec3 v\u00e0 t\u00e2m tr\u00ed. M\u1ed7i d\u1ecbch v\u1ee5 g\u1ed9i \u0111\u1ea7u t\u1ea1i Sam\u00e9lie \u0111\u1ec1u \u0111\u01b0\u1ee3c ch\u0103m ch\u00fat t\u1ec9 m\u1ec9 \u0111\u1ec3 mang l\u1ea1i s\u1ef1 th\u01b0 gi\u00e3n t\u1ed1i \u0111a, gi\u00fap b\u1ea1n c\u1ea3m th\u1ea5y tho\u1ea3i m\u00e1i v\u00e0 th\u01b0 th\u00e1i su\u1ed1t c\u1ea3 ng\u00e0y d\u00e0i.<\/span><\/p>\n<p><b>D\u1ecbch V\u1ee5 &amp; Gi\u00e1:<\/b><\/p>\n<p><b>G\u00f3i Classic 25 Ph\u00fat<\/b><span style=\"font-weight: 400;\"> \u2013 109.000 VN\u0110<\/span><\/p>\n<ul>\n<li style=\"font-weight: 400;\" aria-level=\"1\"><span style=\"font-weight: 400;\">Massage da \u0111\u1ea7u<\/span>\u00a0<\/li>\n<li style=\"font-weight: 400;\" aria-level=\"1\"><span style=\"font-weight: 400;\">R\u1eeda m\u1eb7t<\/span>\u00a0<\/li>\n<li style=\"font-weight: 400;\" aria-level=\"1\"><span style=\"font-weight: 400;\">G\u1ed9i s\u1ea1ch s\u00e2u + x\u1ea3 t\u00f3c<\/span>\u00a0<\/li>\n<li style=\"font-weight: 400;\" aria-level=\"1\"><span style=\"font-weight: 400;\">S\u1ea5y t\u00f3c + x\u1ecbt d\u01b0\u1ee1ng t\u00f3c<\/span>\u00a0<\/li>\n<\/ul>\n<p><b>G\u00f3i Relaxation 45 Ph\u00fat<\/b><span style=\"font-weight: 400;\"> \u2013 150.000 VN\u0110<\/span><\/p>\n<ul>\n<li style=\"font-weight: 400;\" aria-level=\"1\"><span style=\"font-weight: 400;\">Massage da \u0111\u1ea7u<\/span>\u00a0<\/li>\n<li style=\"font-weight: 400;\" aria-level=\"1\"><span style=\"font-weight: 400;\">Ch\u1ea3i l\u01b0\u1ee3c l\u01b0u th\u00f4ng kh\u00ed huy\u1ebft<\/span>\u00a0<\/li>\n<li style=\"font-weight: 400;\" aria-level=\"1\"><span style=\"font-weight: 400;\">R\u1eeda m\u1eb7t<\/span>\u00a0<\/li>\n<li style=\"font-weight: 400;\" aria-level=\"1\"><span style=\"font-weight: 400;\">G\u1ed9i s\u1ea1ch s\u00e2u + x\u1ea3 t\u00f3c, Massage c\u1ed5<\/span>\u00a0<\/li>\n<li style=\"font-weight: 400;\" aria-level=\"1\"><span style=\"font-weight: 400;\">S\u1ea5y t\u00f3c + x\u1ecbt d\u01b0\u1ee1ng t\u00f3c<\/span>\u00a0<\/li>\n<\/ul>\n<p><b>G\u00f3i Glamorous 60 Ph\u00fat<\/b><span style=\"font-weight: 400;\"> \u2013 300.000 VN\u0110<\/span><\/p>\n<ul>\n<li style=\"font-weight: 400;\" aria-level=\"1\"><span style=\"font-weight: 400;\">Ch\u01b0\u1eddm t\u00fai n\u00f3ng b\u1ee5ng v\u00e0 ch\u00e2n<\/span>\u00a0<\/li>\n<li style=\"font-weight: 400;\" aria-level=\"1\"><span style=\"font-weight: 400;\">Ch\u1ea3i l\u01b0\u1ee3c l\u01b0u th\u00f4ng kh\u00ed huy\u1ebft<\/span>\u00a0<\/li>\n<\/ul>\n<p><b>G\u00f3i Luxury 90 Ph\u00fat<\/b><span style=\"font-weight: 400;\"> \u2013 480.000 VN\u0110<\/span><\/p>\n<ul>\n<li style=\"font-weight: 400;\" aria-level=\"1\"><span style=\"font-weight: 400;\">Ch\u01b0\u1eddm t\u00fai n\u00f3ng b\u1ee5ng v\u00e0 ch\u00e2n<\/span>\u00a0<\/li>\n<li style=\"font-weight: 400;\" aria-level=\"1\"><span style=\"font-weight: 400;\">Ch\u1ea3i l\u01b0\u1ee3c l\u01b0u th\u00f4ng kh\u00ed huy\u1ebft<\/span>\u00a0<\/li>\n<li style=\"font-weight: 400;\" aria-level=\"1\"><span style=\"font-weight: 400;\">T\u1ea9y trang + r\u1eeda m\u1eb7t<\/span>\u00a0<\/li>\n<li style=\"font-weight: 400;\" aria-level=\"1\"><span style=\"font-weight: 400;\">\u0110\u1eafp m\u1eb7t n\u1ea1<\/span>\u00a0<\/li>\n<li style=\"font-weight: 400;\" aria-level=\"1\"><span style=\"font-weight: 400;\">T\u1ea9y t\u1ebf b\u00e0o ch\u1ebft da \u0111\u1ea7u ho\u1eb7c m\u1eb7t<\/span>\u00a0<\/li>\n<li style=\"font-weight: 400;\" aria-level=\"1\"><span style=\"font-weight: 400;\">G\u1ed9i s\u1ea1ch s\u00e2u + x\u1ea3 t\u00f3c<\/span>\u00a0<\/li>\n<li style=\"font-weight: 400;\" aria-level=\"1\"><span style=\"font-weight: 400;\">\u1ee6 t\u00f3c th\u1ea3o m\u1ed9c<\/span>\u00a0<\/li>\n<li style=\"font-weight: 400;\" aria-level=\"1\"><span style=\"font-weight: 400;\">Massage m\u1eb7t + c\u1ed5 vai g\u00e1y<\/span>\u00a0<\/li>\n<li style=\"font-weight: 400;\" aria-level=\"1\"><span style=\"font-weight: 400;\">Massage \u0111\u00e1 n\u00f3ng<\/span>\u00a0<\/li>\n<li style=\"font-weight: 400;\" aria-level=\"1\"><span style=\"font-weight: 400;\">V\u1ec7 sinh tai + massage tai<\/span>\u00a0<\/li>\n<li style=\"font-weight: 400;\" aria-level=\"1\"><span style=\"font-weight: 400;\">S\u1ea5y t\u00f3c + x\u1ecbt d\u01b0\u1ee1ng t\u00f3c<\/span>\u00a0<\/li>\n<\/ul>\n<h3><b>D\u1ecbch V\u1ee5 Y\u00eau C\u1ea7u<\/b><\/h3>\n<ul>\n<li style=\"font-weight: 400;\" aria-level=\"1\"><span style=\"font-weight: 400;\">T\u1ea9y t\u1ebf b\u00e0o ch\u1ebft da \u0111\u1ea7u \u2013 50.000 VN\u0110<\/span>\u00a0<\/li>\n<li style=\"font-weight: 400;\" aria-level=\"1\"><span style=\"font-weight: 400;\">T\u1ea9y t\u1ebf b\u00e0o ch\u1ebft da m\u1eb7t \u2013 50.000 VN\u0110<\/span>\u00a0<\/li>\n<li style=\"font-weight: 400;\" aria-level=\"1\"><span style=\"font-weight: 400;\">\u0110\u1eafp m\u1eb7t n\u1ea1 d\u01b0\u1ee1ng \u2013 50.000 VN\u0110<\/span>\u00a0<\/li>\n<li style=\"font-weight: 400;\" aria-level=\"1\"><span style=\"font-weight: 400;\">G\u1ed9i t\u00f3c n\u1ed1i \u2013 50.000 VN\u0110<\/span>\u00a0<\/li>\n<li style=\"font-weight: 400;\" aria-level=\"1\"><span style=\"font-weight: 400;\">D\u1ea7u g\u1ed9i ri\u00eang t\u00f3c t\u1ea9y \u2013 100.000 VN\u0110<\/span>\u00a0<\/li>\n<li style=\"font-weight: 400;\" aria-level=\"1\"><span style=\"font-weight: 400;\">D\u1ea7u g\u1ed9i ri\u00eang t\u00f3c nhu\u1ed9m \u2013 80.000 VN\u0110<\/span>\u00a0<\/li>\n<\/ul>\n<a href=\"https:\/\/samelie.vn\/booking\/\" class=\"button primary is-outline\"  style=\"border-radius:10px;\">\n    <span>BOOKING NOW<\/span>\n  <\/a>\n\n","protected":false},"excerpt":{"rendered":"<p>G\u1ed9i \u0110\u1ea7u D\u01b0\u1ee1ng Sinh Li\u1ec7u tr\u00ecnh G\u1ed9i \u0110\u1ea7u D\u01b0\u1ee1ng Sinh t\u1ea1i Sam\u00e9lie l\u00e0 m\u1ed9t tr\u1ea3i nghi\u1ec7m th\u01b0 gi\u00e3n to\u00e0n di\u1ec7n. M\u1ed7i b\u01b0\u1edbc trong li\u1ec7u tr\u00ecnh \u0111\u1ec1u \u0111\u01b0\u1ee3c thi\u1ebft k\u1ebf t\u1ec9 m\u1ec9 \u0111\u1ec3 mang \u0111\u1ebfn cho b\u1ea1n c\u1ea3m gi\u00e1c th\u01b0 th\u00e1i v\u00e0 d\u1ec5 ch\u1ecbu t\u1eeb \u0111\u1ea7u \u0111\u1ebfn ch\u00e2n. B\u1eaft \u0111\u1ea7u v\u1edbi m\u1ed9t massage da \u0111\u1ea7u nh\u1eb9 [&#8230;]\n","protected":false},"author":1,"featured_media":0,"parent":0,"menu_order":0,"comment_status":"closed","ping_status":"closed","template":"","meta":{"footnotes":""},"class_list":["post-220","page","type-page","status-publish","hentry"],"_links":{"self":[{"href":"https:\/\/samelie.vn\/vi\/wp-json\/wp\/v2\/pages\/220","targetHints":{"allow":["GET"]}}],"collection":[{"href":"https:\/\/samelie.vn\/vi\/wp-json\/wp\/v2\/pages"}],"about":[{"href":"https:\/\/samelie.vn\/vi\/wp-json\/wp\/v2\/types\/page"}],"author":[{"embeddable":true,"href":"https:\/\/samelie.vn\/vi\/wp-json\/wp\/v2\/users\/1"}],"replies":[{"embeddable":true,"href":"https:\/\/samelie.vn\/vi\/wp-json\/wp\/v2\/comments?post=220"}],"version-history":[{"count":8,"href":"https:\/\/samelie.vn\/vi\/wp-json\/wp\/v2\/pages\/220\/revisions"}],"predecessor-version":[{"id":427,"href":"https:\/\/samelie.vn\/vi\/wp-json\/wp\/v2\/pages\/220\/revisions\/427"}],"wp:attachment":[{"href":"https:\/\/samelie.vn\/vi\/wp-json\/wp\/v2\/media?parent=220"}],"curies":[{"name":"wp","href":"https:\/\/api.w.org\/{rel}","templated":true}]}}