{"id":222,"date":"2025-08-24T10:14:16","date_gmt":"2025-08-24T03:14:16","guid":{"rendered":"https:\/\/samelie.vn\/?page_id=222"},"modified":"2025-08-31T13:39:29","modified_gmt":"2025-08-31T06:39:29","slug":"cham-soc-mong","status":"publish","type":"page","link":"https:\/\/samelie.vn\/vi\/cham-soc-mong\/","title":{"rendered":"Ch\u0103m s\u00f3c m\u00f3ng"},"content":{"rendered":"\t<div class=\"img has-hover x md-x lg-x y md-y lg-y\" id=\"image_482484161\">\n\t\t\t\t\t\t\t\t<div class=\"img-inner dark\" >\n\t\t\t<img loading=\"lazy\" decoding=\"async\" width=\"2560\" height=\"1280\" src=\"https:\/\/samelie.vn\/wp-content\/uploads\/2025\/08\/Obvious_250825_2400x1200-4-scaled.png\" class=\"attachment-original size-original\" alt=\"\" srcset=\"https:\/\/samelie.vn\/wp-content\/uploads\/2025\/08\/Obvious_250825_2400x1200-4-scaled.png 2560w, https:\/\/samelie.vn\/wp-content\/uploads\/2025\/08\/Obvious_250825_2400x1200-4-300x150.png 300w, https:\/\/samelie.vn\/wp-content\/uploads\/2025\/08\/Obvious_250825_2400x1200-4-1024x512.png 1024w, https:\/\/samelie.vn\/wp-content\/uploads\/2025\/08\/Obvious_250825_2400x1200-4-768x384.png 768w, https:\/\/samelie.vn\/wp-content\/uploads\/2025\/08\/Obvious_250825_2400x1200-4-1536x768.png 1536w, https:\/\/samelie.vn\/wp-content\/uploads\/2025\/08\/Obvious_250825_2400x1200-4-2048x1024.png 2048w, https:\/\/samelie.vn\/wp-content\/uploads\/2025\/08\/Obvious_250825_2400x1200-4-18x9.png 18w\" sizes=\"auto, (max-width: 2560px) 100vw, 2560px\" \/>\t\t\t\t\t\t\n\t\t\t\t\t<\/div>\n\t\t\t\t\t\t\t\t\n<style>\n#image_482484161 {\n  width: 100%;\n}\n<\/style>\n\t<\/div>\n\t\n<h2><b>Ch\u0103m s\u00f3c m\u00f3ng<\/b><\/h2>\n<p><span style=\"font-weight: 400;\">\u0110\u00f4i tay l\u00e0 &#8220;ng\u01b0\u1eddi b\u1ea1n \u0111\u1ed3ng h\u00e0nh&#8221; tuy\u1ec7t v\u1eddi th\u1ec3 hi\u1ec7n phong c\u00e1ch c\u00e1 nh\u00e2n. D\u1ecbch v\u1ee5 Nail Extension t\u1ea1i Sam\u00e9lie kh\u00f4ng ch\u1ec9 gi\u00fap b\u1ea1n s\u1edf h\u1eefu nh\u1eefng b\u1ed9 m\u00f3ng \u0111\u1eb9p, sang tr\u1ecdng v\u00e0 b\u1ec1n v\u1eefng, m\u00e0 c\u00f2n l\u00e0 c\u00e1ch \u0111\u1ec3 b\u1ea1n t\u1ef1 tin th\u1ec3 hi\u1ec7n gu th\u1ea9m m\u1ef9 ri\u00eang. Ch\u00fang t\u00f4i s\u1eed d\u1ee5ng c\u00f4ng ngh\u1ec7 n\u1ed1i v\u00e0 \u0111\u1eafp m\u00f3ng hi\u1ec7n \u0111\u1ea1i, k\u1ebft h\u1ee3p v\u1edbi c\u00e1c m\u1eabu thi\u1ebft k\u1ebf t\u1eeb nh\u1eb9 nh\u00e0ng, thanh l\u1ecbch \u0111\u1ebfn nh\u1eefng ki\u1ec3u m\u00f3ng c\u00e1 t\u00ednh, ph\u00e1 c\u00e1ch, ph\u00f9 h\u1ee3p v\u1edbi t\u1eebng phong c\u00e1ch s\u1ed1ng v\u00e0 c\u00e1 t\u00ednh ri\u00eang bi\u1ec7t c\u1ee7a b\u1ea1n.<\/span><\/p>\n<p><span style=\"font-weight: 400;\">V\u1edbi ch\u1ea5t li\u1ec7u cao c\u1ea5p v\u00e0 tay ngh\u1ec1 chuy\u00ean nghi\u1ec7p, m\u1ed7i b\u1ed9 m\u00f3ng l\u00e0 m\u1ed9t t\u00e1c ph\u1ea9m ngh\u1ec7 thu\u1eadt gi\u00fap b\u1ea1n t\u1ecfa s\u00e1ng m\u1ed7i ng\u00e0y. T\u1eeb nh\u1eefng gam m\u00e0u thanh tho\u00e1t \u0111\u1ebfn nh\u1eefng thi\u1ebft k\u1ebf n\u1ed5i b\u1eadt, d\u1ecbch v\u1ee5 c\u1ee7a ch\u00fang t\u00f4i mang \u0111\u1ebfn v\u1ebb \u0111\u1eb9p b\u1ec1n l\u00e2u, ho\u00e0n h\u1ea3o \u0111\u1ebfn t\u1eebng chi ti\u1ebft. H\u00e3y \u0111\u1ebfn Sam\u00e9lie \u0111\u1ec3 tr\u1ea3i nghi\u1ec7m d\u1ecbch v\u1ee5 l\u00e0m m\u00f3ng \u0111\u1eb3ng c\u1ea5p, t\u00f4n vinh phong c\u00e1ch s\u1ed1ng v\u00e0 c\u00e1 t\u00ednh c\u1ee7a b\u1ea1n!<\/span><\/p>\n<p><b>D\u1ecbch V\u1ee5 &amp; Gi\u00e1:<\/b><\/p>\n<ul>\n<li style=\"font-weight: 400;\" aria-level=\"1\"><b>M\u00f3ng \u00fap<\/b><span style=\"font-weight: 400;\">: 200.000 VN\u0110<\/span><\/li>\n<li style=\"font-weight: 400;\" aria-level=\"1\"><b>M\u00f3ng d\u00e1n (Press-on nails)<\/b><span style=\"font-weight: 400;\">: 200.000 VN\u0110<\/span><\/li>\n<li style=\"font-weight: 400;\" aria-level=\"1\"><b>Dual form<\/b><span style=\"font-weight: 400;\">: 60.000 VN\u0110<\/span><\/li>\n<li style=\"font-weight: 400;\" aria-level=\"1\"><b>\u0110\u1eafp gel m\u1ecfng (Gel overlay)<\/b><span style=\"font-weight: 400;\">: 120.000 VN\u0110<\/span><\/li>\n<li style=\"font-weight: 400;\" aria-level=\"1\"><b>\u0110\u1eafp b\u1ed9t m\u1ecfng (Acrylic overlay)<\/b><span style=\"font-weight: 400;\">: 200.000 VN\u0110<\/span><\/li>\n<li style=\"font-weight: 400;\" aria-level=\"1\"><b>D\u1eb7m gel (Gel refill)<\/b><span style=\"font-weight: 400;\">: 40.000 VN\u0110<\/span><\/li>\n<li style=\"font-weight: 400;\" aria-level=\"1\"><b>D\u1eb7m b\u1ed9t (Acrylic refill)<\/b><span style=\"font-weight: 400;\">: 350.000 VN\u0110<\/span><\/li>\n<li style=\"font-weight: 400;\" aria-level=\"1\"><b>S\u01a1n gel c\u1ee9ng (Hard polish)<\/b><span style=\"font-weight: 400;\">: 380.000 \u2013 550.000 VN\u0110<\/span><\/li>\n<li style=\"font-weight: 400;\" aria-level=\"1\"><b>Thi\u1ebft k\u1ebf nail d\u00e1ng v\u00f2m (Nail arch design)<\/b><span style=\"font-weight: 400;\">: 380.000 \u2013 600.000 VN\u0110<\/span><\/li>\n<li style=\"font-weight: 400;\" aria-level=\"1\"><b>S\u01a1n gel (Gel polish)<\/b><span style=\"font-weight: 400;\">: 280.000 \u2013 400.000 VN\u0110<\/span><\/li>\n<li style=\"font-weight: 400;\" aria-level=\"1\"><b>Ph\u1ee5 thu ph\u1ed1i m\u00e0u 3 t\u00f4ng (3-color mix)<\/b><span style=\"font-weight: 400;\">: 30.000 VN\u0110\/ng\u00f3n \u2013 200.000 VN\u0110<\/span><\/li>\n<li style=\"font-weight: 400;\" aria-level=\"1\"><b>French tips (tay)<\/b><span style=\"font-weight: 400;\">: 30.000 VN\u0110\/ng\u00f3n \u2013 230.000 VN\u0110<\/span><\/li>\n<li style=\"font-weight: 400;\" aria-level=\"1\"><b>French tips (ch\u00e2n)<\/b><span style=\"font-weight: 400;\">: 25.000 VN\u0110\/ng\u00f3n \u2013 180.000 VN\u0110<\/span><\/li>\n<li style=\"font-weight: 400;\" aria-level=\"1\"><b>Ombre loang m\u00e0u<\/b><span style=\"font-weight: 400;\">: 2.000 \u2013 10.000 VN\u0110<\/span><\/li>\n<li style=\"font-weight: 400;\" aria-level=\"1\"><b>Hi\u1ec7u \u1ee9ng m\u1eaft m\u00e8o (Cat eye)<\/b><span style=\"font-weight: 400;\">: 10.000 \u2013 100.000 VN\u0110<\/span><\/li>\n<li style=\"font-weight: 400;\" aria-level=\"1\"><b>Hi\u1ec7u \u1ee9ng chrome (Chrome)<\/b><span style=\"font-weight: 400;\">: 10.000 \u2013 20.000 VN\u0110<\/span><\/li>\n<li style=\"font-weight: 400;\" aria-level=\"1\"><b>\u0110\u00ednh pha l\u00ea (Crystal design)<\/b><span style=\"font-weight: 400;\">: 40.000 \u2013 100.000 VN\u0110<\/span><\/li>\n<li style=\"font-weight: 400;\" aria-level=\"1\"><b>\u0110\u00ednh \u0111\u00e1 kh\u1ed1i (Stone block design)<\/b><span style=\"font-weight: 400;\">: 25.000 VN\u0110\/ng\u00f3n \u2013 180.000 VN\u0110<\/span><\/li>\n<li style=\"font-weight: 400;\" aria-level=\"1\"><b>Sticker \/ nh\u0169 (Sticker \/ glitter)<\/b><span style=\"font-weight: 400;\">: 25.000 VN\u0110\/ng\u00f3n \u2013 350.000 VN\u0110<\/span><\/li>\n<li style=\"font-weight: 400;\" aria-level=\"1\"><b>V\u1ebd 3D \/ 4D (3D \/ 4D art)<\/b><span style=\"font-weight: 400;\">: 280.000 \u2013 400.000 VN\u0110<\/span><\/li>\n<li style=\"font-weight: 400;\" aria-level=\"1\"><b>G\u1ee1 s\u01a1n gel (Remove gel polish)<\/b><span style=\"font-weight: 400;\">: 50.000 VN\u0110<\/span><\/li>\n<li style=\"font-weight: 400;\" aria-level=\"1\"><b>G\u1ee1 b\u1ed9t \/ BIAB \/ gel (Remove acrylic \/ BIAB \/ gel)<\/b><span style=\"font-weight: 400;\">: 150.000 VN\u0110<\/span><\/li>\n<li style=\"font-weight: 400;\" aria-level=\"1\"><b>Ph\u00e1 s\u01a1n th\u01b0\u1eddng (Regular polish)<\/b><span style=\"font-weight: 400;\">: 20.000 VN\u0110<\/span><\/li>\n<li style=\"font-weight: 400;\" aria-level=\"1\"><b>Ch\u0103m s\u00f3c &amp; v\u1ec7 sinh da tay (Cuticle care &amp; cleaning)<\/b><span style=\"font-weight: 400;\">: 60.000 VN\u0110<\/span><\/li>\n<\/ul>\n<a href=\"https:\/\/samelie.vn\/booking\/\" class=\"button primary is-outline\"  style=\"border-radius:10px;\">\n    <span>BOOKING NOW<\/span>\n  <\/a>\n\n","protected":false},"excerpt":{"rendered":"<p>Ch\u0103m s\u00f3c m\u00f3ng \u0110\u00f4i tay l\u00e0 &#8220;ng\u01b0\u1eddi b\u1ea1n \u0111\u1ed3ng h\u00e0nh&#8221; tuy\u1ec7t v\u1eddi th\u1ec3 hi\u1ec7n phong c\u00e1ch c\u00e1 nh\u00e2n. D\u1ecbch v\u1ee5 Nail Extension t\u1ea1i Sam\u00e9lie kh\u00f4ng ch\u1ec9 gi\u00fap b\u1ea1n s\u1edf h\u1eefu nh\u1eefng b\u1ed9 m\u00f3ng \u0111\u1eb9p, sang tr\u1ecdng v\u00e0 b\u1ec1n v\u1eefng, m\u00e0 c\u00f2n l\u00e0 c\u00e1ch \u0111\u1ec3 b\u1ea1n t\u1ef1 tin th\u1ec3 hi\u1ec7n gu th\u1ea9m m\u1ef9 ri\u00eang. Ch\u00fang t\u00f4i [&#8230;]\n","protected":false},"author":1,"featured_media":0,"parent":0,"menu_order":0,"comment_status":"closed","ping_status":"closed","template":"","meta":{"footnotes":""},"class_list":["post-222","page","type-page","status-publish","hentry"],"_links":{"self":[{"href":"https:\/\/samelie.vn\/vi\/wp-json\/wp\/v2\/pages\/222","targetHints":{"allow":["GET"]}}],"collection":[{"href":"https:\/\/samelie.vn\/vi\/wp-json\/wp\/v2\/pages"}],"about":[{"href":"https:\/\/samelie.vn\/vi\/wp-json\/wp\/v2\/types\/page"}],"author":[{"embeddable":true,"href":"https:\/\/samelie.vn\/vi\/wp-json\/wp\/v2\/users\/1"}],"replies":[{"embeddable":true,"href":"https:\/\/samelie.vn\/vi\/wp-json\/wp\/v2\/comments?post=222"}],"version-history":[{"count":5,"href":"https:\/\/samelie.vn\/vi\/wp-json\/wp\/v2\/pages\/222\/revisions"}],"predecessor-version":[{"id":428,"href":"https:\/\/samelie.vn\/vi\/wp-json\/wp\/v2\/pages\/222\/revisions\/428"}],"wp:attachment":[{"href":"https:\/\/samelie.vn\/vi\/wp-json\/wp\/v2\/media?parent=222"}],"curies":[{"name":"wp","href":"https:\/\/api.w.org\/{rel}","templated":true}]}}