{"id":224,"date":"2025-08-24T10:14:23","date_gmt":"2025-08-24T03:14:23","guid":{"rendered":"https:\/\/samelie.vn\/?page_id=224"},"modified":"2025-08-31T13:39:57","modified_gmt":"2025-08-31T06:39:57","slug":"noi-mi","status":"publish","type":"page","link":"https:\/\/samelie.vn\/vi\/noi-mi\/","title":{"rendered":"N\u1ed1i mi"},"content":{"rendered":"\t<div class=\"img has-hover x md-x lg-x y md-y lg-y\" id=\"image_1048335384\">\n\t\t\t\t\t\t\t\t<div class=\"img-inner dark\" >\n\t\t\t<img loading=\"lazy\" decoding=\"async\" width=\"2560\" height=\"1280\" src=\"https:\/\/samelie.vn\/wp-content\/uploads\/2025\/08\/Obvious_250825_2400x1200-6-scaled.png\" class=\"attachment-original size-original\" alt=\"\" srcset=\"https:\/\/samelie.vn\/wp-content\/uploads\/2025\/08\/Obvious_250825_2400x1200-6-scaled.png 2560w, https:\/\/samelie.vn\/wp-content\/uploads\/2025\/08\/Obvious_250825_2400x1200-6-300x150.png 300w, https:\/\/samelie.vn\/wp-content\/uploads\/2025\/08\/Obvious_250825_2400x1200-6-1024x512.png 1024w, https:\/\/samelie.vn\/wp-content\/uploads\/2025\/08\/Obvious_250825_2400x1200-6-768x384.png 768w, https:\/\/samelie.vn\/wp-content\/uploads\/2025\/08\/Obvious_250825_2400x1200-6-1536x768.png 1536w, https:\/\/samelie.vn\/wp-content\/uploads\/2025\/08\/Obvious_250825_2400x1200-6-2048x1024.png 2048w, https:\/\/samelie.vn\/wp-content\/uploads\/2025\/08\/Obvious_250825_2400x1200-6-18x9.png 18w\" sizes=\"auto, (max-width: 2560px) 100vw, 2560px\" \/>\t\t\t\t\t\t\n\t\t\t\t\t<\/div>\n\t\t\t\t\t\t\t\t\n<style>\n#image_1048335384 {\n  width: 100%;\n}\n<\/style>\n\t<\/div>\n\t\n<h2><b>N\u1ed1i Mi<\/b><\/h2>\n<p><span style=\"font-weight: 400;\">\u0110\u00f4i m\u1eaft l\u00e0 \u0111i\u1ec3m nh\u1ea5n c\u1ee7a v\u1ebb \u0111\u1eb9p t\u1ef1 nhi\u00ean, v\u00e0 <\/span><b>n\u1ed1i mi<\/b><span style=\"font-weight: 400;\"> t\u1ea1i Sam\u00e9lie l\u00e0 b\u00ed quy\u1ebft gi\u00fap b\u1ea1n s\u1edf h\u1eefu \u00e1nh nh\u00ecn cu\u1ed1n h\u00fat, \u0111\u1ea7y m\u00ea ho\u1eb7c m\u1ed7i ng\u00e0y. D\u1ecbch v\u1ee5 n\u1ed1i mi c\u1ee7a ch\u00fang t\u00f4i mang \u0111\u1ebfn cho b\u1ea1n \u0111\u00f4i mi d\u00e0i cong t\u1ef1 nhi\u00ean, t\u1eeb nh\u1eefng ki\u1ec3u mi nh\u1eb9 nh\u00e0ng, tinh t\u1ebf cho \u0111\u1ebfn nh\u1eefng ki\u1ec3u mi d\u00e0y d\u1eb7n, s\u1eafc s\u1ea3o, gi\u00fap b\u1ea1n t\u1ef1 tin t\u1ecfa s\u00e1ng m\u00e0 kh\u00f4ng c\u1ea7n trang \u0111i\u1ec3m c\u1ea7u k\u1ef3. \u0110\u01b0\u1ee3c ch\u0103m s\u00f3c t\u1ec9 m\u1ec9 b\u1edfi \u0111\u1ed9i ng\u0169 chuy\u00ean gia, m\u1ed7i b\u1ed9 mi l\u00e0 m\u1ed9t t\u00e1c ph\u1ea9m ngh\u1ec7 thu\u1eadt, mang l\u1ea1i cho b\u1ea1n v\u1ebb \u0111\u1eb9p v\u0129nh c\u1eedu v\u00e0 t\u1ef1 nhi\u00ean, ph\u00f9 h\u1ee3p v\u1edbi m\u1ecdi phong c\u00e1ch s\u1ed1ng. H\u00e3y \u0111\u1ec3 m\u1ed7i c\u00e1i ch\u1edbp m\u1eaft \u0111\u1ec1u \u0111\u1ea7y quy\u1ebfn r\u0169 v\u00e0 th\u1ec3 hi\u1ec7n \u0111\u00fang c\u00e1 t\u00ednh ri\u00eang c\u1ee7a b\u1ea1n.<\/span><\/p>\n<p><b>D\u1ecbch V\u1ee5 &amp; Gi\u00e1:<\/b><\/p>\n<ul>\n<li style=\"font-weight: 400;\" aria-level=\"1\"><b>Mi Classic<\/b><span style=\"font-weight: 400;\">: 280.000 VN\u0110<\/span><\/li>\n<li style=\"font-weight: 400;\" aria-level=\"1\"><b>Mi thi\u1ebft k\u1ebf<\/b><span style=\"font-weight: 400;\">: 350.000 VN\u0110<\/span><\/li>\n<li style=\"font-weight: 400;\" aria-level=\"1\"><b>Mi l\u00f4ng th\u1ecf<\/b><span style=\"font-weight: 400;\">: 250.000 VN\u0110<\/span><\/li>\n<li style=\"font-weight: 400;\" aria-level=\"1\"><b>Mi d\u01b0\u1edbi<\/b><span style=\"font-weight: 400;\">: 400.000 VN\u0110<\/span><\/li>\n<li style=\"font-weight: 400;\" aria-level=\"1\"><b>U\u1ed1n mi Collagen (t\u1eb7ng ph\u1ee7 \u0111en)<\/b><span style=\"font-weight: 400;\">: 450.000 VN\u0110<\/span><\/li>\n<li style=\"font-weight: 400;\" aria-level=\"1\"><b>N\u1ed1i mi ch\u1eadp \u2013 d\u00e0y v\u1eeba<\/b><span style=\"font-weight: 400;\">: 60.000 \u2013 80.000 VN\u0110<\/span><\/li>\n<li style=\"font-weight: 400;\" aria-level=\"1\"><b>N\u1ed1i mi baby<\/b><span style=\"font-weight: 400;\">: 30.000 VN\u0110<\/span><\/li>\n<li style=\"font-weight: 400;\" aria-level=\"1\"><b>N\u1ed1i mi sole, H\u00e0n, Th\u00e1i<\/b><span style=\"font-weight: 400;\">: 60.000 VN\u0110<\/span><\/li>\n<li style=\"font-weight: 400;\" aria-level=\"1\"><b>N\u1ed1i mi m\u1eaft \u01b0\u1edbt ulzzang<\/b><span style=\"font-weight: 400;\">: 500.000 VN\u0110<\/span><\/li>\n<li style=\"font-weight: 400;\" aria-level=\"1\"><b>N\u1ed1i mi anime<\/b><span style=\"font-weight: 400;\">: 250.000 \u2013 300.000 VN\u0110<\/span><\/li>\n<li style=\"font-weight: 400;\" aria-level=\"1\"><b>Mi l\u00f4ng th\u1ecf anime<\/b><span style=\"font-weight: 400;\">: 320.000 \u2013 400.000 VN\u0110<\/span><\/li>\n<li style=\"font-weight: 400;\" aria-level=\"1\"><b>Mi thi\u1ebft k\u1ebf kh\u00e1c<\/b><span style=\"font-weight: 400;\">: 380.000 \u2013 420.000 VN\u0110<\/span><\/li>\n<li style=\"font-weight: 400;\" aria-level=\"1\"><b>D\u00f9ng mi l\u00f4ng th\u1ecf<\/b><span style=\"font-weight: 400;\">: 380.000 \u2013 500.000 VN\u0110<\/span><\/li>\n<li style=\"font-weight: 400;\" aria-level=\"1\"><b>D\u00f9ng mi m\u00e0u<\/b><span style=\"font-weight: 400;\">: 40.000 \u2013 60.000 VN\u0110<\/span><\/li>\n<li style=\"font-weight: 400;\" aria-level=\"1\"><b>Th\u00e1o mi<\/b><span style=\"font-weight: 400;\">: 100.000 \u2013 150.000 VN\u0110<\/span><\/li>\n<li style=\"font-weight: 400;\" aria-level=\"1\"><b>Fill mi (l\u00e0m \u0111\u1ea7y mi)<\/b><span style=\"font-weight: 400;\">: 50% gi\u00e1 m\u1edbi<\/span><\/li>\n<\/ul>\n<a href=\"https:\/\/samelie.vn\/booking\/\" class=\"button primary is-outline\"  style=\"border-radius:10px;\">\n    <span>BOOKING NOW<\/span>\n  <\/a>\n\n","protected":false},"excerpt":{"rendered":"<p>N\u1ed1i Mi \u0110\u00f4i m\u1eaft l\u00e0 \u0111i\u1ec3m nh\u1ea5n c\u1ee7a v\u1ebb \u0111\u1eb9p t\u1ef1 nhi\u00ean, v\u00e0 n\u1ed1i mi t\u1ea1i Sam\u00e9lie l\u00e0 b\u00ed quy\u1ebft gi\u00fap b\u1ea1n s\u1edf h\u1eefu \u00e1nh nh\u00ecn cu\u1ed1n h\u00fat, \u0111\u1ea7y m\u00ea ho\u1eb7c m\u1ed7i ng\u00e0y. D\u1ecbch v\u1ee5 n\u1ed1i mi c\u1ee7a ch\u00fang t\u00f4i mang \u0111\u1ebfn cho b\u1ea1n \u0111\u00f4i mi d\u00e0i cong t\u1ef1 nhi\u00ean, t\u1eeb nh\u1eefng ki\u1ec3u mi nh\u1eb9 [&#8230;]\n","protected":false},"author":1,"featured_media":0,"parent":0,"menu_order":0,"comment_status":"closed","ping_status":"closed","template":"","meta":{"footnotes":""},"class_list":["post-224","page","type-page","status-publish","hentry"],"_links":{"self":[{"href":"https:\/\/samelie.vn\/vi\/wp-json\/wp\/v2\/pages\/224","targetHints":{"allow":["GET"]}}],"collection":[{"href":"https:\/\/samelie.vn\/vi\/wp-json\/wp\/v2\/pages"}],"about":[{"href":"https:\/\/samelie.vn\/vi\/wp-json\/wp\/v2\/types\/page"}],"author":[{"embeddable":true,"href":"https:\/\/samelie.vn\/vi\/wp-json\/wp\/v2\/users\/1"}],"replies":[{"embeddable":true,"href":"https:\/\/samelie.vn\/vi\/wp-json\/wp\/v2\/comments?post=224"}],"version-history":[{"count":4,"href":"https:\/\/samelie.vn\/vi\/wp-json\/wp\/v2\/pages\/224\/revisions"}],"predecessor-version":[{"id":429,"href":"https:\/\/samelie.vn\/vi\/wp-json\/wp\/v2\/pages\/224\/revisions\/429"}],"wp:attachment":[{"href":"https:\/\/samelie.vn\/vi\/wp-json\/wp\/v2\/media?parent=224"}],"curies":[{"name":"wp","href":"https:\/\/api.w.org\/{rel}","templated":true}]}}