{"id":226,"date":"2025-08-24T10:14:37","date_gmt":"2025-08-24T03:14:37","guid":{"rendered":"https:\/\/samelie.vn\/?page_id=226"},"modified":"2025-08-31T13:40:15","modified_gmt":"2025-08-31T06:40:15","slug":"massage-care","status":"publish","type":"page","link":"https:\/\/samelie.vn\/vi\/massage-care\/","title":{"rendered":"Massage &#038; Care"},"content":{"rendered":"\t<div class=\"img has-hover x md-x lg-x y md-y lg-y\" id=\"image_1747773743\">\n\t\t\t\t\t\t\t\t<div class=\"img-inner dark\" >\n\t\t\t<img loading=\"lazy\" decoding=\"async\" width=\"2560\" height=\"1280\" src=\"https:\/\/samelie.vn\/wp-content\/uploads\/2025\/08\/Obvious_250825_2400x1200-7-scaled.png\" class=\"attachment-original size-original\" alt=\"\" srcset=\"https:\/\/samelie.vn\/wp-content\/uploads\/2025\/08\/Obvious_250825_2400x1200-7-scaled.png 2560w, https:\/\/samelie.vn\/wp-content\/uploads\/2025\/08\/Obvious_250825_2400x1200-7-300x150.png 300w, https:\/\/samelie.vn\/wp-content\/uploads\/2025\/08\/Obvious_250825_2400x1200-7-1024x512.png 1024w, https:\/\/samelie.vn\/wp-content\/uploads\/2025\/08\/Obvious_250825_2400x1200-7-768x384.png 768w, https:\/\/samelie.vn\/wp-content\/uploads\/2025\/08\/Obvious_250825_2400x1200-7-1536x768.png 1536w, https:\/\/samelie.vn\/wp-content\/uploads\/2025\/08\/Obvious_250825_2400x1200-7-2048x1024.png 2048w, https:\/\/samelie.vn\/wp-content\/uploads\/2025\/08\/Obvious_250825_2400x1200-7-18x9.png 18w\" sizes=\"auto, (max-width: 2560px) 100vw, 2560px\" \/>\t\t\t\t\t\t\n\t\t\t\t\t<\/div>\n\t\t\t\t\t\t\t\t\n<style>\n#image_1747773743 {\n  width: 100%;\n}\n<\/style>\n\t<\/div>\n\t\n<h2><b>Massage &amp; Care \u2013 Th\u01b0 Gi\u00e3n To\u00e0n Di\u1ec7n<\/b><\/h2>\n<p><span style=\"font-weight: 400;\">H\u00e3y \u0111\u1ec3 c\u01a1 th\u1ec3 v\u00e0 t\u00e2m tr\u00ed b\u1ea1n \u0111\u01b0\u1ee3c th\u01b0 gi\u00e3n ho\u00e0n to\u00e0n trong kh\u00f4ng gian y\u00ean t\u0129nh, nh\u1eb9 nh\u00e0ng c\u1ee7a Sam\u00e9lie. D\u1ecbch v\u1ee5 <\/span><b>Massage &amp; Care<\/b><span style=\"font-weight: 400;\"> c\u1ee7a ch\u00fang t\u00f4i l\u00e0 n\u01a1i b\u1ea1n c\u00f3 th\u1ec3 ho\u00e0n to\u00e0n bu\u00f4ng b\u1ecf nh\u1eefng c\u0103ng th\u1eb3ng, m\u1ec7t m\u1ecfi sau nh\u1eefng ng\u00e0y l\u00e0m vi\u1ec7c v\u1ea5t v\u1ea3, v\u00e0 t\u00ecm l\u1ea1i s\u1ef1 c\u00e2n b\u1eb1ng trong cu\u1ed9c s\u1ed1ng. T\u1eeb c\u00e1c li\u1ec7u tr\u00ecnh ch\u0103m s\u00f3c tay, ch\u00e2n, vai g\u00e1y \u0111\u1ebfn massage to\u00e0n th\u00e2n chuy\u00ean s\u00e2u, m\u1ed7i d\u1ecbch v\u1ee5 \u0111\u1ec1u \u0111\u01b0\u1ee3c thi\u1ebft k\u1ebf \u0111\u1ec3 mang \u0111\u1ebfn cho b\u1ea1n c\u1ea3m gi\u00e1c th\u01b0 gi\u00e3n tuy\u1ec7t \u0111\u1ed1i.<\/span><\/p>\n<p><span style=\"font-weight: 400;\">Ch\u00fang t\u00f4i k\u1ebft h\u1ee3p c\u00e1c <\/span><b>tinh d\u1ea7u thi\u00ean nhi\u00ean<\/b><span style=\"font-weight: 400;\"> c\u00f9ng nh\u1eefng k\u1ef9 thu\u1eadt massage chuy\u00ean nghi\u1ec7p, gi\u00fap l\u00e0m d\u1ecbu c\u01a1 th\u1ec3, k\u00edch th\u00edch tu\u1ea7n ho\u00e0n m\u00e1u, v\u00e0 ph\u1ee5c h\u1ed3i n\u0103ng l\u01b0\u1ee3ng, mang l\u1ea1i s\u1ef1 s\u1ea3ng kho\u00e1i kh\u00f4ng ch\u1ec9 v\u1ec1 th\u1ec3 ch\u1ea5t m\u00e0 c\u00f2n v\u1ec1 tinh th\u1ea7n. H\u00e3y \u0111\u1ec3 ch\u00fang t\u00f4i gi\u00fap b\u1ea1n t\u00ecm l\u1ea1i s\u1ef1 t\u01b0\u01a1i m\u1edbi, \u0111\u1ea7y s\u1ee9c s\u1ed1ng, \u0111\u1ec3 b\u1ea1n c\u00f3 th\u1ec3 ti\u1ebfp t\u1ee5c cu\u1ed9c s\u1ed1ng b\u1eadn r\u1ed9n c\u1ee7a m\u00ecnh v\u1edbi \u0111\u1ea7y \u0111\u1ee7 n\u0103ng l\u01b0\u1ee3ng v\u00e0 c\u1ea3m h\u1ee9ng. \u0110\u00e2y kh\u00f4ng ch\u1ec9 l\u00e0 m\u1ed9t li\u1ec7u tr\u00ecnh th\u01b0 gi\u00e3n m\u00e0 l\u00e0 m\u1ed9t h\u00e0nh tr\u00ecnh ch\u0103m s\u00f3c to\u00e0n di\u1ec7n, gi\u00fap b\u1ea1n n\u00e2ng niu b\u1ea3n th\u00e2n theo c\u00e1ch tuy\u1ec7t v\u1eddi nh\u1ea5t.<\/span><\/p>\n<p><b>D\u1ecbch V\u1ee5 &amp; Gi\u00e1:<\/b><\/p>\n<p><b>FOOT CARE COMBO \u2013 288.000 VN\u0110<\/b><\/p>\n<ul>\n<li style=\"font-weight: 400;\" aria-level=\"1\"><b>Ch\u00e0 g\u00f3t<\/b><span style=\"font-weight: 400;\">: Ch\u0103m s\u00f3c g\u00f3t ch\u00e2n, lo\u1ea1i b\u1ecf da ch\u1ebft v\u00e0 l\u00e0m m\u1ec1m da<\/span><\/li>\n<li style=\"font-weight: 400;\" aria-level=\"1\"><b>Ng\u00e2m ch\u00e2n<\/b><span style=\"font-weight: 400;\">: Th\u01b0 gi\u00e3n v\u1edbi n\u01b0\u1edbc \u1ea5m, gi\u00fap th\u01b0 gi\u00e3n c\u01a1 th\u1ec3 v\u00e0 tinh th\u1ea7n<\/span><\/li>\n<li style=\"font-weight: 400;\" aria-level=\"1\"><b>T\u1ea9y t\u1ebf b\u00e0o ch\u1ebft<\/b><span style=\"font-weight: 400;\">: L\u00e0m s\u1ea1ch da ch\u00e2n, lo\u1ea1i b\u1ecf l\u1edbp da ch\u1ebft, mang l\u1ea1i l\u00e0n da m\u1ec1m m\u1ea1i<\/span><\/li>\n<li style=\"font-weight: 400;\" aria-level=\"1\"><b>M\u1eb7t n\u1ea1 d\u01b0\u1ee1ng ch\u00e2n v\u00e0 l\u00e0m s\u00e1ng<\/b><span style=\"font-weight: 400;\">: T\u0103ng c\u01b0\u1eddng d\u01b0\u1ee1ng ch\u1ea5t, gi\u00fap da ch\u00e2n s\u00e1ng v\u00e0 m\u1ec1m m\u1ea1i<\/span><\/li>\n<li style=\"font-weight: 400;\" aria-level=\"1\"><b>Massage 2-5 ph\u00fat<\/b><span style=\"font-weight: 400;\">: Th\u01b0 gi\u00e3n \u0111\u00f4i ch\u00e2n, k\u00edch th\u00edch tu\u1ea7n ho\u00e0n m\u00e1u<\/span><\/li>\n<\/ul>\n<p><b>HAND CARE COMBO \u2013 188.000 VN\u0110<\/b><\/p>\n<ul>\n<li style=\"font-weight: 400;\" aria-level=\"1\"><b>T\u1ea9y t\u1ebf b\u00e0o ch\u1ebft<\/b><span style=\"font-weight: 400;\">: L\u00e0m s\u1ea1ch v\u00e0 t\u00e1i t\u1ea1o l\u00e0n da tay<\/span><\/li>\n<li style=\"font-weight: 400;\" aria-level=\"1\"><b>C\u1eaft da + l\u00e0m s\u1ea1ch<\/b><span style=\"font-weight: 400;\">: C\u1eaft da tay, l\u00e0m s\u1ea1ch v\u00f9ng da xung quanh m\u00f3ng<\/span><\/li>\n<li style=\"font-weight: 400;\" aria-level=\"1\"><b>\u0110\u1eafp m\u1eb7t n\u1ea1 d\u01b0\u1ee1ng tay v\u00e0 l\u00e0m s\u00e1ng<\/b><span style=\"font-weight: 400;\">: D\u01b0\u1ee1ng \u1ea9m v\u00e0 l\u00e0m s\u00e1ng da tay<\/span><\/li>\n<li style=\"font-weight: 400;\" aria-level=\"1\"><b>D\u01b0\u1ee1ng ph\u1ee5c h\u1ed3i m\u00f3ng + k\u00edch th\u00edch m\u1ecdc m\u00f3ng b\u1eb1ng d\u01b0\u1ee1ng ch\u1ea5t<\/b><span style=\"font-weight: 400;\">: Ch\u0103m s\u00f3c m\u00f3ng tay, gi\u00fap m\u00f3ng kh\u1ecfe m\u1ea1nh v\u00e0 ph\u00e1t tri\u1ec3n t\u1ed1t<\/span><\/li>\n<\/ul>\n<p><b>FOOT MASSAGE<\/b><\/p>\n<ul>\n<li style=\"font-weight: 400;\" aria-level=\"1\"><b>30 ph\u00fat<\/b><span style=\"font-weight: 400;\">: 200.000 VN\u0110<\/span><\/li>\n<li style=\"font-weight: 400;\" aria-level=\"1\"><b>60 ph\u00fat<\/b><span style=\"font-weight: 400;\">: 350.000 VN\u0110<\/span><\/li>\n<\/ul>\n<p><b>SHOULDER-NECK MASSAGE<\/b><\/p>\n<ul>\n<li style=\"font-weight: 400;\" aria-level=\"1\"><b>30 ph\u00fat<\/b><span style=\"font-weight: 400;\">: 280.000 VN\u0110<\/span><\/li>\n<li style=\"font-weight: 400;\" aria-level=\"1\"><b>60 ph\u00fat<\/b><span style=\"font-weight: 400;\">: 400.000 VN\u0110<\/span><\/li>\n<li style=\"font-weight: 400;\" aria-level=\"1\"><b>75 ph\u00fat<\/b><span style=\"font-weight: 400;\">: 580.000 VN\u0110<\/span><\/li>\n<\/ul>\n<p><b>BODY MASSAGE<\/b><\/p>\n<ul>\n<li style=\"font-weight: 400;\" aria-level=\"1\"><b>60 ph\u00fat<\/b><span style=\"font-weight: 400;\">: 480.000 VN\u0110<\/span><\/li>\n<li style=\"font-weight: 400;\" aria-level=\"1\"><b>75 ph\u00fat<\/b><span style=\"font-weight: 400;\">: 520.000 VN\u0110<\/span><\/li>\n<li style=\"font-weight: 400;\" aria-level=\"1\"><b>90 ph\u00fat<\/b><span style=\"font-weight: 400;\">: 800.000 VN\u0110<\/span><\/li>\n<\/ul>\n<a href=\"https:\/\/samelie.vn\/booking\/\" class=\"button primary is-outline\"  >\n    <span>BOOKING NOW<\/span>\n  <\/a>\n\n","protected":false},"excerpt":{"rendered":"<p>Massage &amp; Care \u2013 Th\u01b0 Gi\u00e3n To\u00e0n Di\u1ec7n H\u00e3y \u0111\u1ec3 c\u01a1 th\u1ec3 v\u00e0 t\u00e2m tr\u00ed b\u1ea1n \u0111\u01b0\u1ee3c th\u01b0 gi\u00e3n ho\u00e0n to\u00e0n trong kh\u00f4ng gian y\u00ean t\u0129nh, nh\u1eb9 nh\u00e0ng c\u1ee7a Sam\u00e9lie. D\u1ecbch v\u1ee5 Massage &amp; Care c\u1ee7a ch\u00fang t\u00f4i l\u00e0 n\u01a1i b\u1ea1n c\u00f3 th\u1ec3 ho\u00e0n to\u00e0n bu\u00f4ng b\u1ecf nh\u1eefng c\u0103ng th\u1eb3ng, m\u1ec7t m\u1ecfi sau nh\u1eefng ng\u00e0y [&#8230;]\n","protected":false},"author":1,"featured_media":0,"parent":0,"menu_order":0,"comment_status":"closed","ping_status":"closed","template":"","meta":{"footnotes":""},"class_list":["post-226","page","type-page","status-publish","hentry"],"_links":{"self":[{"href":"https:\/\/samelie.vn\/vi\/wp-json\/wp\/v2\/pages\/226","targetHints":{"allow":["GET"]}}],"collection":[{"href":"https:\/\/samelie.vn\/vi\/wp-json\/wp\/v2\/pages"}],"about":[{"href":"https:\/\/samelie.vn\/vi\/wp-json\/wp\/v2\/types\/page"}],"author":[{"embeddable":true,"href":"https:\/\/samelie.vn\/vi\/wp-json\/wp\/v2\/users\/1"}],"replies":[{"embeddable":true,"href":"https:\/\/samelie.vn\/vi\/wp-json\/wp\/v2\/comments?post=226"}],"version-history":[{"count":6,"href":"https:\/\/samelie.vn\/vi\/wp-json\/wp\/v2\/pages\/226\/revisions"}],"predecessor-version":[{"id":430,"href":"https:\/\/samelie.vn\/vi\/wp-json\/wp\/v2\/pages\/226\/revisions\/430"}],"wp:attachment":[{"href":"https:\/\/samelie.vn\/vi\/wp-json\/wp\/v2\/media?parent=226"}],"curies":[{"name":"wp","href":"https:\/\/api.w.org\/{rel}","templated":true}]}}