{"id":275,"date":"2025-08-24T11:03:43","date_gmt":"2025-08-24T04:03:43","guid":{"rendered":"https:\/\/samelie.vn\/?page_id=275"},"modified":"2025-08-24T11:03:43","modified_gmt":"2025-08-24T04:03:43","slug":"ho-tro-khach-hang","status":"publish","type":"page","link":"https:\/\/samelie.vn\/vi\/ho-tro-khach-hang\/","title":{"rendered":"H\u1ed7 tr\u1ee3 kh\u00e1ch h\u00e0ng"},"content":{"rendered":"<ol>\n<li><b>Li\u00ean h\u1ec7<\/b><\/li>\n<\/ol>\n<p><span style=\"font-weight: 400;\">M\u1ecdi th\u1eafc m\u1eafc hay c\u1ea7n t\u01b0 v\u1ea5n, b\u1ea1n c\u00f3 th\u1ec3 g\u1ecdi, nh\u1eafn tin ho\u1eb7c g\u1eedi email cho ch\u00fang t\u00f4i. \u0110\u1ed9i ng\u0169 Sam\u00e9lie lu\u00f4n s\u1eb5n s\u00e0ng l\u1eafng nghe v\u00e0 \u0111\u1ed3ng h\u00e0nh c\u00f9ng b\u1ea1n.<\/span><\/p>\n<p><span style=\"font-weight: 400;\">Hotline: 039 4725048<\/span><\/p>\n<ol start=\"2\">\n<li><b> D\u1ecbch v\u1ee5 kh\u00e1ch h\u00e0ng<\/b><\/li>\n<\/ol>\n<p><span style=\"font-weight: 400;\">Ch\u00fang t\u00f4i mang \u0111\u1ebfn kh\u00f4ng gian th\u01b0 gi\u00e3n c\u00f9ng d\u1ecbch v\u1ee5 t\u1eadn t\u00e2m, chu \u0111\u00e1o trong t\u1eebng chi ti\u1ebft nh\u1ecf, \u0111\u1ec3 m\u1ed7i l\u1ea7n gh\u00e9 ti\u1ec7m l\u00e0 m\u1ed9t tr\u1ea3i nghi\u1ec7m \u0111\u00e1ng nh\u1edb.<\/span><\/p>\n<ol start=\"3\">\n<li><b> C\u00e2u h\u1ecfi th\u01b0\u1eddng g\u1eb7p (FAQ)<\/b><\/li>\n<\/ol>\n<p><span style=\"font-weight: 400;\">B\u1ea1n c\u00f3 th\u1ec3 tham kh\u1ea3o nhanh nh\u1eefng th\u1eafc m\u1eafc th\u01b0\u1eddng g\u1eb7p \u0111\u1ec3 ti\u1ebft ki\u1ec7m th\u1eddi gian v\u00e0 chu\u1ea9n b\u1ecb t\u1ed1t h\u01a1n cho bu\u1ed5i h\u1eb9n l\u00e0m \u0111\u1eb9p.<\/span><\/p>\n<ol>\n<li><b> T\u00f4i c\u00f3 c\u1ea7n \u0111\u1eb7t l\u1ecbch h\u1eb9n tr\u01b0\u1edbc kh\u00f4ng?<\/b><\/li>\n<\/ol>\n<p><span style=\"font-weight: 400;\">\u0110\u1ec3 \u0111\u1ea3m b\u1ea3o th\u1eddi gian thu\u1eadn ti\u1ec7n, b\u1ea1n n\u00ean \u0111\u1eb7t l\u1ecbch h\u1eb9n tr\u01b0\u1edbc. Tuy nhi\u00ean, ch\u00fang t\u00f4i v\u1eabn nh\u1eadn kh\u00e1ch walk-in n\u1ebfu c\u00f2n ch\u1ed7 tr\u1ed1ng.<\/span><\/p>\n<ol start=\"2\">\n<li><span style=\"font-weight: 400;\"> M\u1ed9t bu\u1ed5i l\u00e0m nails\/spa th\u01b0\u1eddng k\u00e9o d\u00e0i bao l\u00e2u?<\/span><\/li>\n<\/ol>\n<p><span style=\"font-weight: 400;\">T\u00f9y d\u1ecbch v\u1ee5, th\u1eddi gian c\u00f3 th\u1ec3 t\u1eeb 30 ph\u00fat \u0111\u1ebfn 2 ti\u1ebfng. \u0110\u1ed9i ng\u0169 s\u1ebd t\u01b0 v\u1ea5n r\u00f5 tr\u01b0\u1edbc khi b\u1eaft \u0111\u1ea7u.<\/span><\/p>\n<ol start=\"3\">\n<li><span style=\"font-weight: 400;\"> Ti\u1ec7m s\u1eed d\u1ee5ng s\u1ea3n ph\u1ea9m g\u00ec?<\/span><\/li>\n<\/ol>\n<p><span style=\"font-weight: 400;\">Ch\u00fang t\u00f4i ch\u1ecdn nh\u1eefng th\u01b0\u01a1ng hi\u1ec7u uy t\u00edn, an to\u00e0n cho m\u00f3ng v\u00e0 da tay\/ch\u00e2n, th\u00e2n thi\u1ec7n v\u1edbi s\u1ee9c kh\u1ecfe v\u00e0 m\u00f4i tr\u01b0\u1eddng.<\/span><\/p>\n<ol start=\"4\">\n<li><span style=\"font-weight: 400;\"> T\u00f4i c\u00f3 th\u1ec3 thay \u0111\u1ed5i ho\u1eb7c h\u1ee7y l\u1ecbch h\u1eb9n kh\u00f4ng?<\/span><\/li>\n<\/ol>\n<p><span style=\"font-weight: 400;\">Ho\u00e0n to\u00e0n \u0111\u01b0\u1ee3c. B\u1ea1n ch\u1ec9 c\u1ea7n li\u00ean h\u1ec7 tr\u01b0\u1edbc \u00edt nh\u1ea5t 2 ti\u1ebfng \u0111\u1ec3 ch\u00fang t\u00f4i s\u1eafp x\u1ebfp l\u1ea1i l\u1ecbch.<\/span><\/p>\n<ol start=\"5\">\n<li><span style=\"font-weight: 400;\"> C\u00f3 d\u1ecbch v\u1ee5 b\u1ea3o h\u00e0nh cho b\u1ed9 m\u00f3ng kh\u00f4ng?<\/span><\/li>\n<\/ol>\n<p><span style=\"font-weight: 400;\">N\u1ebfu m\u00f3ng b\u1ecb tr\u00f3c\/\u1ea3nh h\u01b0\u1edfng trong v\u00f2ng 3 ng\u00e0y, ti\u1ec7m s\u1ebd h\u1ed7 tr\u1ee3 ch\u1ec9nh s\u1eeda mi\u1ec5n ph\u00ed.<\/span><\/p>\n","protected":false},"excerpt":{"rendered":"<p>Li\u00ean h\u1ec7 M\u1ecdi th\u1eafc m\u1eafc hay c\u1ea7n t\u01b0 v\u1ea5n, b\u1ea1n c\u00f3 th\u1ec3 g\u1ecdi, nh\u1eafn tin ho\u1eb7c g\u1eedi email cho ch\u00fang t\u00f4i. \u0110\u1ed9i ng\u0169 Sam\u00e9lie lu\u00f4n s\u1eb5n s\u00e0ng l\u1eafng nghe v\u00e0 \u0111\u1ed3ng h\u00e0nh c\u00f9ng b\u1ea1n. Hotline: 039 4725048 D\u1ecbch v\u1ee5 kh\u00e1ch h\u00e0ng Ch\u00fang t\u00f4i mang \u0111\u1ebfn kh\u00f4ng gian th\u01b0 gi\u00e3n c\u00f9ng d\u1ecbch v\u1ee5 t\u1eadn t\u00e2m, chu [&#8230;]\n","protected":false},"author":1,"featured_media":0,"parent":0,"menu_order":0,"comment_status":"closed","ping_status":"closed","template":"","meta":{"footnotes":""},"class_list":["post-275","page","type-page","status-publish","hentry"],"_links":{"self":[{"href":"https:\/\/samelie.vn\/vi\/wp-json\/wp\/v2\/pages\/275","targetHints":{"allow":["GET"]}}],"collection":[{"href":"https:\/\/samelie.vn\/vi\/wp-json\/wp\/v2\/pages"}],"about":[{"href":"https:\/\/samelie.vn\/vi\/wp-json\/wp\/v2\/types\/page"}],"author":[{"embeddable":true,"href":"https:\/\/samelie.vn\/vi\/wp-json\/wp\/v2\/users\/1"}],"replies":[{"embeddable":true,"href":"https:\/\/samelie.vn\/vi\/wp-json\/wp\/v2\/comments?post=275"}],"version-history":[{"count":2,"href":"https:\/\/samelie.vn\/vi\/wp-json\/wp\/v2\/pages\/275\/revisions"}],"predecessor-version":[{"id":277,"href":"https:\/\/samelie.vn\/vi\/wp-json\/wp\/v2\/pages\/275\/revisions\/277"}],"wp:attachment":[{"href":"https:\/\/samelie.vn\/vi\/wp-json\/wp\/v2\/media?parent=275"}],"curies":[{"name":"wp","href":"https:\/\/api.w.org\/{rel}","templated":true}]}}